{"id":8,"date":"2017-01-05T17:37:58","date_gmt":"2017-01-05T16:37:58","guid":{"rendered":"http:\/\/celine-schiavolini.com\/?page_id=8"},"modified":"2017-01-20T17:42:28","modified_gmt":"2017-01-20T16:42:28","slug":"a-propos-de","status":"publish","type":"page","link":"https:\/\/celine-schiavolini.com\/?page_id=8","title":{"rendered":"Comp\u00e9tences"},"content":{"rendered":"<div style=\"text-align: justify; text-justify: inter-word;\">\n<div>Ma\u00eetre C\u00e9line SCHIAVOLINI est titulaire d&rsquo;un Master 2 en droit priv\u00e9 et sciences criminelles.<\/div>\n<p>&nbsp;<\/p>\n<div>Ses domaines d&rsquo;intervention sont accentu\u00e9s en droit civil, droit commercial, droit de la famille, droit des assurances, droit bancaire, responsabilit\u00e9 civile, r\u00e9paration de pr\u00e9judices corporels et droit p\u00e9nal.<\/div>\n<p>&nbsp;<\/p>\n<div>Ma\u00eetre C\u00e9line SCHIAVOLINI vous assure une assistance compl\u00e8te, \u00e9tablit des strat\u00e9gies juridiques pour faire valoir vos droits et vous repr\u00e9sente en justice. Elle vous accompagne \u00e9galement dans toutes vos d\u00e9marches y compris en mati\u00e8re de transaction ou de m\u00e9diation afin de tenter de solutionner amiablement un litige.<\/div>\n<p>&nbsp;<\/p>\n<div>Ma\u00eetre C\u00e9line SCHIAVOLINI intervient \u00e9galement en mati\u00e8re de conseil juridique et de r\u00e9daction d&rsquo;actes (r\u00e9daction de Statuts pour la constitution de Soci\u00e9t\u00e9, r\u00e9daction d&rsquo;actes de cession d&rsquo;actions ou de parts sociales, r\u00e9daction d&rsquo;actes de cession de fonds de commerce et de baux commerciaux).<\/div>\n<p>&nbsp;<\/p>\n<div>Ma\u00eetre C\u00e9line SCHIAVOLINI travaille \u00e9galement en collaboration avec le Cabinet de Ma\u00eetre Silvia MARIN, Avocat aux barreaux de MILAN et de NICE afin de pouvoir repr\u00e9senter et assister ses Clients dans les proc\u00e9dures transfrontali\u00e8res entre le France et l&rsquo;Italie.<\/div>\n<\/div>\n","protected":false},"excerpt":{"rendered":"<p>Ma\u00eetre C\u00e9line SCHIAVOLINI est titulaire d&rsquo;un Master 2 en droit priv\u00e9 et sciences criminelles. &nbsp; Ses domaines d&rsquo;intervention sont accentu\u00e9s en droit civil, droit commercial,&hellip;<\/p>\n","protected":false},"author":1,"featured_media":0,"parent":0,"menu_order":0,"comment_status":"closed","ping_status":"closed","template":"","meta":{"_themeisle_gutenberg_block_has_review":false,"footnotes":""},"_links":{"self":[{"href":"https:\/\/celine-schiavolini.com\/index.php?rest_route=\/wp\/v2\/pages\/8"}],"collection":[{"href":"https:\/\/celine-schiavolini.com\/index.php?rest_route=\/wp\/v2\/pages"}],"about":[{"href":"https:\/\/celine-schiavolini.com\/index.php?rest_route=\/wp\/v2\/types\/page"}],"author":[{"embeddable":true,"href":"https:\/\/celine-schiavolini.com\/index.php?rest_route=\/wp\/v2\/users\/1"}],"replies":[{"embeddable":true,"href":"https:\/\/celine-schiavolini.com\/index.php?rest_route=%2Fwp%2Fv2%2Fcomments&post=8"}],"version-history":[{"count":6,"href":"https:\/\/celine-schiavolini.com\/index.php?rest_route=\/wp\/v2\/pages\/8\/revisions"}],"predecessor-version":[{"id":62,"href":"https:\/\/celine-schiavolini.com\/index.php?rest_route=\/wp\/v2\/pages\/8\/revisions\/62"}],"wp:attachment":[{"href":"https:\/\/celine-schiavolini.com\/index.php?rest_route=%2Fwp%2Fv2%2Fmedia&parent=8"}],"curies":[{"name":"wp","href":"https:\/\/api.w.org\/{rel}","templated":true}]}}