{"id":220,"date":"2019-08-29T07:22:37","date_gmt":"2019-08-29T07:22:37","guid":{"rendered":"http:\/\/krystalwp.spiraclethemes.com\/demo13\/?page_id=124"},"modified":"2024-06-21T14:29:29","modified_gmt":"2024-06-21T12:29:29","slug":"attorneys","status":"publish","type":"page","link":"https:\/\/celine-schiavolini.com\/?page_id=220","title":{"rendered":"Honoraires"},"content":{"rendered":"\t\t<div data-elementor-type=\"wp-post\" data-elementor-id=\"220\" class=\"elementor elementor-220\">\n\t\t\t\t\t\t<section class=\"elementor-section elementor-top-section elementor-element elementor-element-4f725c3 elementor-section-boxed elementor-section-height-default elementor-section-height-default\" data-id=\"4f725c3\" data-element_type=\"section\">\n\t\t\t\t\t\t<div class=\"elementor-container elementor-column-gap-default\">\n\t\t\t\t\t<div class=\"elementor-column elementor-col-100 elementor-top-column elementor-element elementor-element-55ea0d6\" data-id=\"55ea0d6\" data-element_type=\"column\">\n\t\t\t<div class=\"elementor-widget-wrap elementor-element-populated\">\n\t\t\t\t\t\t<div class=\"elementor-element elementor-element-bd018af elementor-widget elementor-widget-text-editor\" data-id=\"bd018af\" data-element_type=\"widget\" data-widget_type=\"text-editor.default\">\n\t\t\t\t<div class=\"elementor-widget-container\">\n\t\t\t<style>\/*! elementor - v3.19.0 - 07-02-2024 *\/\n.elementor-widget-text-editor.elementor-drop-cap-view-stacked .elementor-drop-cap{background-color:#69727d;color:#fff}.elementor-widget-text-editor.elementor-drop-cap-view-framed .elementor-drop-cap{color:#69727d;border:3px solid;background-color:transparent}.elementor-widget-text-editor:not(.elementor-drop-cap-view-default) .elementor-drop-cap{margin-top:8px}.elementor-widget-text-editor:not(.elementor-drop-cap-view-default) .elementor-drop-cap-letter{width:1em;height:1em}.elementor-widget-text-editor .elementor-drop-cap{float:left;text-align:center;line-height:1;font-size:50px}.elementor-widget-text-editor .elementor-drop-cap-letter{display:inline-block}<\/style>\t\t\t\t<p>Lorsque vous contactez Ma\u00eetre C\u00e9line SCHIAVOLINI, un premier rendez-vous vous sera propos\u00e9. Il est destin\u00e9 \u00e0 faire connaissance, v\u00e9rifier les probl\u00e9matiques juridiques li\u00e9es \u00e0 l\u2019affaire pr\u00e9sent\u00e9e et faire la liste des pi\u00e8ces qu\u2019il faudra communiquer.<\/p>\t\t\t\t\t\t<\/div>\n\t\t\t\t<\/div>\n\t\t\t\t<div class=\"elementor-element elementor-element-948dc33 elementor-widget elementor-widget-heading\" data-id=\"948dc33\" data-element_type=\"widget\" data-widget_type=\"heading.default\">\n\t\t\t\t<div class=\"elementor-widget-container\">\n\t\t\t<style>\/*! elementor - v3.19.0 - 07-02-2024 *\/\n.elementor-heading-title{padding:0;margin:0;line-height:1}.elementor-widget-heading .elementor-heading-title[class*=elementor-size-]>a{color:inherit;font-size:inherit;line-height:inherit}.elementor-widget-heading .elementor-heading-title.elementor-size-small{font-size:15px}.elementor-widget-heading .elementor-heading-title.elementor-size-medium{font-size:19px}.elementor-widget-heading .elementor-heading-title.elementor-size-large{font-size:29px}.elementor-widget-heading .elementor-heading-title.elementor-size-xl{font-size:39px}.elementor-widget-heading .elementor-heading-title.elementor-size-xxl{font-size:59px}<\/style><h2 class=\"elementor-heading-title elementor-size-default\">Ce rendez-vous n\u2019est pas factur\u00e9.<\/h2>\t\t<\/div>\n\t\t\t\t<\/div>\n\t\t\t\t<div class=\"elementor-element elementor-element-864cfd6 elementor-widget elementor-widget-text-editor\" data-id=\"864cfd6\" data-element_type=\"widget\" data-widget_type=\"text-editor.default\">\n\t\t\t\t<div class=\"elementor-widget-container\">\n\t\t\t\t\t\t\t<p>Il sera ensuite appliqu\u00e9 soit un honoraire au taux horaire (qui est en moyenne de 200 euros HT), soit un honoraire forfaitaire.<\/p><p>Ma\u00eetre C\u00e9line SCHIAVOLINI fixe ses honoraires en concertation avec ses clients en fonction notamment des diligences \u00e0 accomplir sur le dossier, de sa difficult\u00e9 et de l\u2019importance des int\u00e9r\u00eats en cause.<\/p><p>Dans l\u2019hypoth\u00e8se o\u00f9 de nombreuses diligences sont \u00e0 pr\u00e9voir, une demande de provision d\u2019un montant compris entre 600 euros HT et 1.000 euros HT sera sollicit\u00e9e.\u200b<\/p><p>Le taux de TVA applicable aux Avocats est de 20%.<\/p><p>Ma\u00eetre C\u00e9line SCHIAVOLINI accepte le r\u00e8glement \u00e9chelonn\u00e9 des honoraires en plusieurs \u00e9ch\u00e9ances mensuelles.<\/p>\t\t\t\t\t\t<\/div>\n\t\t\t\t<\/div>\n\t\t\t\t<div class=\"elementor-element elementor-element-5334046 elementor-widget elementor-widget-heading\" data-id=\"5334046\" data-element_type=\"widget\" data-widget_type=\"heading.default\">\n\t\t\t\t<div class=\"elementor-widget-container\">\n\t\t\t<h1 class=\"elementor-heading-title elementor-size-default\">Ma\u00eetre C\u00e9line SCHIAVOLINI n\u2019intervient pas \u00e0 l\u2019aide juridictionnelle.<\/h1>\t\t<\/div>\n\t\t\t\t<\/div>\n\t\t\t\t\t<\/div>\n\t\t<\/div>\n\t\t\t\t\t<\/div>\n\t\t<\/section>\n\t\t\t\t<\/div>\n\t\t","protected":false},"excerpt":{"rendered":"<p>Lorsque vous contactez Ma\u00eetre C\u00e9line SCHIAVOLINI, un premier rendez-vous vous sera propos\u00e9. Il est destin\u00e9 \u00e0 faire connaissance, v\u00e9rifier les probl\u00e9matiques juridiques li\u00e9es \u00e0 l\u2019affaire&hellip;<\/p>\n","protected":false},"author":1,"featured_media":0,"parent":0,"menu_order":0,"comment_status":"closed","ping_status":"closed","template":"","meta":{"_themeisle_gutenberg_block_has_review":false,"footnotes":""},"_links":{"self":[{"href":"https:\/\/celine-schiavolini.com\/index.php?rest_route=\/wp\/v2\/pages\/220"}],"collection":[{"href":"https:\/\/celine-schiavolini.com\/index.php?rest_route=\/wp\/v2\/pages"}],"about":[{"href":"https:\/\/celine-schiavolini.com\/index.php?rest_route=\/wp\/v2\/types\/page"}],"author":[{"embeddable":true,"href":"https:\/\/celine-schiavolini.com\/index.php?rest_route=\/wp\/v2\/users\/1"}],"replies":[{"embeddable":true,"href":"https:\/\/celine-schiavolini.com\/index.php?rest_route=%2Fwp%2Fv2%2Fcomments&post=220"}],"version-history":[{"count":13,"href":"https:\/\/celine-schiavolini.com\/index.php?rest_route=\/wp\/v2\/pages\/220\/revisions"}],"predecessor-version":[{"id":571,"href":"https:\/\/celine-schiavolini.com\/index.php?rest_route=\/wp\/v2\/pages\/220\/revisions\/571"}],"wp:attachment":[{"href":"https:\/\/celine-schiavolini.com\/index.php?rest_route=%2Fwp%2Fv2%2Fmedia&parent=220"}],"curies":[{"name":"wp","href":"https:\/\/api.w.org\/{rel}","templated":true}]}}