{"id":219,"date":"2019-08-29T07:22:05","date_gmt":"2019-08-29T07:22:05","guid":{"rendered":"http:\/\/krystalwp.spiraclethemes.com\/demo13\/?page_id=122"},"modified":"2024-02-27T18:45:39","modified_gmt":"2024-02-27T17:45:39","slug":"about","status":"publish","type":"page","link":"https:\/\/celine-schiavolini.com\/?page_id=219","title":{"rendered":"Pr\u00e9sentation"},"content":{"rendered":"\t\t<div data-elementor-type=\"wp-post\" data-elementor-id=\"219\" class=\"elementor elementor-219\">\n\t\t\t\t\t\t<section class=\"elementor-section elementor-top-section elementor-element elementor-element-b16575c elementor-section-boxed elementor-section-height-default elementor-section-height-default\" data-id=\"b16575c\" data-element_type=\"section\">\n\t\t\t\t\t\t<div class=\"elementor-container elementor-column-gap-default\">\n\t\t\t\t\t<div class=\"elementor-column elementor-col-100 elementor-top-column elementor-element elementor-element-2bc3bba\" data-id=\"2bc3bba\" data-element_type=\"column\">\n\t\t\t<div class=\"elementor-widget-wrap elementor-element-populated\">\n\t\t\t\t\t\t<div class=\"elementor-element elementor-element-375bcb5 elementor-widget elementor-widget-text-editor\" data-id=\"375bcb5\" data-element_type=\"widget\" data-widget_type=\"text-editor.default\">\n\t\t\t\t<div class=\"elementor-widget-container\">\n\t\t\t<style>\/*! elementor - v3.19.0 - 07-02-2024 *\/\n.elementor-widget-text-editor.elementor-drop-cap-view-stacked .elementor-drop-cap{background-color:#69727d;color:#fff}.elementor-widget-text-editor.elementor-drop-cap-view-framed .elementor-drop-cap{color:#69727d;border:3px solid;background-color:transparent}.elementor-widget-text-editor:not(.elementor-drop-cap-view-default) .elementor-drop-cap{margin-top:8px}.elementor-widget-text-editor:not(.elementor-drop-cap-view-default) .elementor-drop-cap-letter{width:1em;height:1em}.elementor-widget-text-editor .elementor-drop-cap{float:left;text-align:center;line-height:1;font-size:50px}.elementor-widget-text-editor .elementor-drop-cap-letter{display:inline-block}<\/style>\t\t\t\t<p>Ma\u00eetre C\u00e9line SCHIAVOLINI a effectu\u00e9 l\u2019int\u00e9gralit\u00e9 de ses \u00e9tudes universitaires \u00e0 la Facult\u00e9 de Droit de NICE, sa ville de naissance.<\/p><p>Apr\u00e8s avoir obtenu un master II en droit priv\u00e9 et sciences criminelles, Ma\u00eetre C\u00e9line SCHIAVOLINI int\u00e8gre l\u2019Ecole des Avocats du Sud-Est.<\/p><p>Elle a pr\u00eat\u00e9 serment devant la Cour d\u2019Appel d\u2019AIX EN PROVENCE en janvier 2012 et exerce depuis plus de dix ans comme Avocat au Barreau de NICE.<\/p><p>Apr\u00e8s avoir travaill\u00e9 en qualit\u00e9 d\u2019Avocat collaborateur dans plusieurs Cabinets ni\u00e7ois, elle a ouvert son propre Cabinet en 2016.<\/p><p>Ma\u00eetre C\u00e9line SCHIAVOLINI vous accueille dans ses locaux situ\u00e9s en plein c\u0153ur de NICE au 11 avenue Georges CLEMENCEAU.<\/p>\t\t\t\t\t\t<\/div>\n\t\t\t\t<\/div>\n\t\t\t\t\t<\/div>\n\t\t<\/div>\n\t\t\t\t\t<\/div>\n\t\t<\/section>\n\t\t\t\t<section class=\"elementor-section elementor-top-section elementor-element elementor-element-87cd6dd elementor-section-boxed elementor-section-height-default elementor-section-height-default\" data-id=\"87cd6dd\" data-element_type=\"section\" data-settings=\"{&quot;background_background&quot;:&quot;classic&quot;}\">\n\t\t\t\t\t\t<div class=\"elementor-container elementor-column-gap-default\">\n\t\t\t\t\t<div class=\"elementor-column elementor-col-100 elementor-top-column elementor-element elementor-element-9206a4c\" data-id=\"9206a4c\" data-element_type=\"column\">\n\t\t\t<div class=\"elementor-widget-wrap elementor-element-populated\">\n\t\t\t\t\t\t<div class=\"elementor-element elementor-element-d1a44e6 elementor-widget elementor-widget-heading\" data-id=\"d1a44e6\" data-element_type=\"widget\" data-widget_type=\"heading.default\">\n\t\t\t\t<div class=\"elementor-widget-container\">\n\t\t\t<style>\/*! elementor - v3.19.0 - 07-02-2024 *\/\n.elementor-heading-title{padding:0;margin:0;line-height:1}.elementor-widget-heading .elementor-heading-title[class*=elementor-size-]>a{color:inherit;font-size:inherit;line-height:inherit}.elementor-widget-heading .elementor-heading-title.elementor-size-small{font-size:15px}.elementor-widget-heading .elementor-heading-title.elementor-size-medium{font-size:19px}.elementor-widget-heading .elementor-heading-title.elementor-size-large{font-size:29px}.elementor-widget-heading .elementor-heading-title.elementor-size-xl{font-size:39px}.elementor-widget-heading .elementor-heading-title.elementor-size-xxl{font-size:59px}<\/style><h2 class=\"elementor-heading-title elementor-size-default\">Domaines de comp\u00e9tences\u200b<\/h2>\t\t<\/div>\n\t\t\t\t<\/div>\n\t\t\t\t\t<\/div>\n\t\t<\/div>\n\t\t\t\t\t<\/div>\n\t\t<\/section>\n\t\t\t\t<section class=\"elementor-section elementor-top-section elementor-element elementor-element-55532a8 elementor-section-boxed elementor-section-height-default elementor-section-height-default\" data-id=\"55532a8\" data-element_type=\"section\" data-settings=\"{&quot;background_background&quot;:&quot;classic&quot;}\">\n\t\t\t\t\t\t<div class=\"elementor-container elementor-column-gap-default\">\n\t\t\t\t\t<div class=\"elementor-column elementor-col-100 elementor-top-column elementor-element elementor-element-877cde0\" data-id=\"877cde0\" data-element_type=\"column\">\n\t\t\t<div class=\"elementor-widget-wrap elementor-element-populated\">\n\t\t\t\t\t\t<div class=\"elementor-element elementor-element-76af095 elementor-widget elementor-widget-text-editor\" data-id=\"76af095\" data-element_type=\"widget\" data-widget_type=\"text-editor.default\">\n\t\t\t\t<div class=\"elementor-widget-container\">\n\t\t\t\t\t\t\t<p>Ma\u00eetre C\u00e9line SCHIAVOLINI privil\u00e9gie une approche personnalis\u00e9e du traitement des dossiers.<\/p><p>Elle a \u00e0 c\u0153ur d\u2019\u00e9tablir un lien de confiance avec ses clients.<\/p><p>Elle effectue personnellement toutes les diligences du dossier\u00a0: des n\u00e9gociations amiables jusqu\u2019\u00e0 la plaidoirie devant le Tribunal.<\/p><p>Ses clients sont r\u00e9guli\u00e8rement re\u00e7us en rendez-vous et tenus inform\u00e9s de toutes les \u00e9tapes de leur dossier.<\/p><p>A chaque ouverture de dossier, elle mettra tous les moyens en \u0153uvre pour tenter de r\u00e9soudre \u00e0 l\u2019amiable les litiges et entreprendre des n\u00e9gociations dans l\u2019int\u00e9r\u00eat de ses clients.<\/p><p>Ma\u00eetre C\u00e9line SCHIAVOLINI intervient en droit civil et en droit commercial.<\/p>\t\t\t\t\t\t<\/div>\n\t\t\t\t<\/div>\n\t\t\t\t\t<\/div>\n\t\t<\/div>\n\t\t\t\t\t<\/div>\n\t\t<\/section>\n\t\t\t\t<section class=\"elementor-section elementor-top-section elementor-element elementor-element-af7e64b elementor-section-boxed elementor-section-height-default elementor-section-height-default\" data-id=\"af7e64b\" data-element_type=\"section\">\n\t\t\t\t\t\t<div class=\"elementor-container elementor-column-gap-default\">\n\t\t\t\t\t<div class=\"elementor-column elementor-col-50 elementor-top-column elementor-element elementor-element-f305919\" data-id=\"f305919\" data-element_type=\"column\">\n\t\t\t<div class=\"elementor-widget-wrap elementor-element-populated\">\n\t\t\t\t\t\t<div class=\"elementor-element elementor-element-9076167 elementor-widget elementor-widget-image\" data-id=\"9076167\" data-element_type=\"widget\" data-widget_type=\"image.default\">\n\t\t\t\t<div class=\"elementor-widget-container\">\n\t\t\t<style>\/*! elementor - v3.19.0 - 07-02-2024 *\/\n.elementor-widget-image{text-align:center}.elementor-widget-image a{display:inline-block}.elementor-widget-image a img[src$=\".svg\"]{width:48px}.elementor-widget-image img{vertical-align:middle;display:inline-block}<\/style>\t\t\t\t\t\t\t\t\t\t\t<a href=\"https:\/\/celine-schiavolini.com\/?page_id=221\">\n\t\t\t\t\t\t\t<img fetchpriority=\"high\" decoding=\"async\" width=\"640\" height=\"706\" src=\"https:\/\/celine-schiavolini.com\/wp-content\/uploads\/2024\/02\/wesley-tingey-9z9fxr_7Z-k-unsplash-l.png\" class=\"attachment-large size-large wp-image-498\" alt=\"\" srcset=\"https:\/\/celine-schiavolini.com\/wp-content\/uploads\/2024\/02\/wesley-tingey-9z9fxr_7Z-k-unsplash-l.png 800w, https:\/\/celine-schiavolini.com\/wp-content\/uploads\/2024\/02\/wesley-tingey-9z9fxr_7Z-k-unsplash-l-272x300.png 272w, https:\/\/celine-schiavolini.com\/wp-content\/uploads\/2024\/02\/wesley-tingey-9z9fxr_7Z-k-unsplash-l-768x847.png 768w\" sizes=\"(max-width: 640px) 100vw, 640px\" \/>\t\t\t\t\t\t\t\t<\/a>\n\t\t\t\t\t\t\t\t\t\t\t\t\t<\/div>\n\t\t\t\t<\/div>\n\t\t\t\t\t<\/div>\n\t\t<\/div>\n\t\t\t\t<div class=\"elementor-column elementor-col-50 elementor-top-column elementor-element elementor-element-05fb0ab\" data-id=\"05fb0ab\" data-element_type=\"column\">\n\t\t\t<div class=\"elementor-widget-wrap elementor-element-populated\">\n\t\t\t\t\t\t<div class=\"elementor-element elementor-element-1956f1c elementor-widget elementor-widget-image\" data-id=\"1956f1c\" data-element_type=\"widget\" data-widget_type=\"image.default\">\n\t\t\t\t<div class=\"elementor-widget-container\">\n\t\t\t\t\t\t\t\t\t\t\t\t\t\t<a href=\"https:\/\/celine-schiavolini.com\/?page_id=344\">\n\t\t\t\t\t\t\t<img decoding=\"async\" width=\"640\" height=\"705\" src=\"https:\/\/celine-schiavolini.com\/wp-content\/uploads\/2024\/02\/droit-commercial-F.png\" class=\"attachment-large size-large wp-image-499\" alt=\"\" srcset=\"https:\/\/celine-schiavolini.com\/wp-content\/uploads\/2024\/02\/droit-commercial-F.png 908w, https:\/\/celine-schiavolini.com\/wp-content\/uploads\/2024\/02\/droit-commercial-F-272x300.png 272w, https:\/\/celine-schiavolini.com\/wp-content\/uploads\/2024\/02\/droit-commercial-F-768x846.png 768w\" sizes=\"(max-width: 640px) 100vw, 640px\" \/>\t\t\t\t\t\t\t\t<\/a>\n\t\t\t\t\t\t\t\t\t\t\t\t\t<\/div>\n\t\t\t\t<\/div>\n\t\t\t\t\t<\/div>\n\t\t<\/div>\n\t\t\t\t\t<\/div>\n\t\t<\/section>\n\t\t\t\t<\/div>\n\t\t","protected":false},"excerpt":{"rendered":"<p>Ma\u00eetre C\u00e9line SCHIAVOLINI a effectu\u00e9 l\u2019int\u00e9gralit\u00e9 de ses \u00e9tudes universitaires \u00e0 la Facult\u00e9 de Droit de NICE, sa ville de naissance. Apr\u00e8s avoir obtenu un&hellip;<\/p>\n","protected":false},"author":1,"featured_media":0,"parent":0,"menu_order":0,"comment_status":"closed","ping_status":"closed","template":"","meta":{"_themeisle_gutenberg_block_has_review":false,"footnotes":""},"_links":{"self":[{"href":"https:\/\/celine-schiavolini.com\/index.php?rest_route=\/wp\/v2\/pages\/219"}],"collection":[{"href":"https:\/\/celine-schiavolini.com\/index.php?rest_route=\/wp\/v2\/pages"}],"about":[{"href":"https:\/\/celine-schiavolini.com\/index.php?rest_route=\/wp\/v2\/types\/page"}],"author":[{"embeddable":true,"href":"https:\/\/celine-schiavolini.com\/index.php?rest_route=\/wp\/v2\/users\/1"}],"replies":[{"embeddable":true,"href":"https:\/\/celine-schiavolini.com\/index.php?rest_route=%2Fwp%2Fv2%2Fcomments&post=219"}],"version-history":[{"count":58,"href":"https:\/\/celine-schiavolini.com\/index.php?rest_route=\/wp\/v2\/pages\/219\/revisions"}],"predecessor-version":[{"id":502,"href":"https:\/\/celine-schiavolini.com\/index.php?rest_route=\/wp\/v2\/pages\/219\/revisions\/502"}],"wp:attachment":[{"href":"https:\/\/celine-schiavolini.com\/index.php?rest_route=%2Fwp%2Fv2%2Fmedia&parent=219"}],"curies":[{"name":"wp","href":"https:\/\/api.w.org\/{rel}","templated":true}]}}